{"id":282,"date":"2023-01-20T17:38:31","date_gmt":"2023-01-20T16:38:31","guid":{"rendered":"https:\/\/pisap.fr\/?page_id=282"},"modified":"2025-05-28T20:48:17","modified_gmt":"2025-05-28T18:48:17","slug":"accompagnement-en-allaitement","status":"publish","type":"page","link":"https:\/\/pisap.fr\/index.php\/tarifs\/accompagnement-en-allaitement\/","title":{"rendered":"Accompagnement en allaitement"},"content":{"rendered":"\n<p><strong>Dur\u00e9e<\/strong> : 1H30<\/p>\n\n\n\n<p><strong>Lieux<\/strong> : \u00e0 votre domicile\/en visio<\/p>\n\n\n\n<p><strong>Pour qui ? <\/strong><\/p>\n\n\n\n<p>Toute personne d\u00e9sirant un soutien et un accompagnement<strong> individuel <\/strong>\u00e0 l&rsquo;allaitement.<\/p>\n\n\n\n<p><strong>Comment se d\u00e9roule une s\u00e9ance ?<\/strong><\/p>\n\n\n\n<p>La s\u00e9ance d\u00e9bute par l&rsquo;anamn\u00e8se de votre maternit\u00e9\/paternit\u00e9 (conception, grossesse, accouchement, post-partum&#8230;).<\/p>\n\n\n\n<p>Cette partie de la s\u00e9ance est tr\u00e8s importante car elle me permet de comprendre d&rsquo;o\u00f9 pourraient venir vos tracas.<\/p>\n\n\n\n<p>Ensuite, vient le temps de vos interrogations concernant votre allaitement.<\/p>\n\n\n\n<p>Nous analyserons ensemble la situation dans laquelle vous vous trouvez afin de pouvoir trouver des solutions sereines.<\/p>\n\n\n\n<p><em>N&rsquo;oubliez pas qu&rsquo;il n&rsquo;y a pas de probl\u00e8me, que des solutions !<\/em><\/p>\n\n\n\n<p><strong>Tarifs :<\/strong><br>\u00c0 domicile<br>60\u20ac<br>En visio<br>40\u20ac<\/p>\n\n\n\n<figure class=\"wp-block-image size-large is-resized\"><img loading=\"lazy\" decoding=\"async\" width=\"700\" height=\"1024\" src=\"https:\/\/pisap.fr\/wp-content\/uploads\/2023\/07\/ALB5153-700x1024.jpg\" alt=\"\" class=\"wp-image-376\" style=\"aspect-ratio:0.6878850102669405;width:275px;height:auto\" srcset=\"https:\/\/pisap.fr\/wp-content\/uploads\/2023\/07\/ALB5153-700x1024.jpg 700w, https:\/\/pisap.fr\/wp-content\/uploads\/2023\/07\/ALB5153-205x300.jpg 205w, https:\/\/pisap.fr\/wp-content\/uploads\/2023\/07\/ALB5153-768x1124.jpg 768w, https:\/\/pisap.fr\/wp-content\/uploads\/2023\/07\/ALB5153-1049x1536.jpg 1049w, https:\/\/pisap.fr\/wp-content\/uploads\/2023\/07\/ALB5153-1399x2048.jpg 1399w, https:\/\/pisap.fr\/wp-content\/uploads\/2023\/07\/ALB5153-scaled.jpg 1749w\" sizes=\"auto, (max-width: 700px) 100vw, 700px\" \/><\/figure>\n\n\n\n<ul class=\"wp-block-list\">\n<li><strong>* tarifs sur Marseille et alentours (15km)<\/strong><\/li>\n<\/ul>\n\n\n\n<p class=\"has-text-align-center\">Me contacter pour un devis si le lieu est plus \u00e9loign\u00e9.<\/p>\n","protected":false},"excerpt":{"rendered":"<p>Dur\u00e9e : 1H30 Lieux : \u00e0 votre domicile\/en visio Pour qui ? Toute personne d\u00e9sirant un soutien et un accompagnement individuel \u00e0 l&rsquo;allaitement. Comment se d\u00e9roule une s\u00e9ance ? La s\u00e9ance d\u00e9bute par l&rsquo;anamn\u00e8se de votre maternit\u00e9\/paternit\u00e9 (conception, grossesse, accouchement, post-partum&#8230;). Cette partie de la s\u00e9ance est tr\u00e8s importante car elle me permet de comprendre &hellip; <\/p>\n<p class=\"link-more\"><a href=\"https:\/\/pisap.fr\/index.php\/tarifs\/accompagnement-en-allaitement\/\" class=\"more-link\">Continuer la lecture<span class=\"screen-reader-text\"> de &laquo;&nbsp;Accompagnement en allaitement&nbsp;&raquo;<\/span><\/a><\/p>\n","protected":false},"author":1,"featured_media":0,"parent":120,"menu_order":2,"comment_status":"closed","ping_status":"closed","template":"","meta":{"_monsterinsights_skip_tracking":false,"_monsterinsights_sitenote_active":false,"_monsterinsights_sitenote_note":"","_monsterinsights_sitenote_category":0,"footnotes":""},"class_list":["post-282","page","type-page","status-publish","hentry"],"aioseo_notices":[],"_links":{"self":[{"href":"https:\/\/pisap.fr\/index.php\/wp-json\/wp\/v2\/pages\/282","targetHints":{"allow":["GET"]}}],"collection":[{"href":"https:\/\/pisap.fr\/index.php\/wp-json\/wp\/v2\/pages"}],"about":[{"href":"https:\/\/pisap.fr\/index.php\/wp-json\/wp\/v2\/types\/page"}],"author":[{"embeddable":true,"href":"https:\/\/pisap.fr\/index.php\/wp-json\/wp\/v2\/users\/1"}],"replies":[{"embeddable":true,"href":"https:\/\/pisap.fr\/index.php\/wp-json\/wp\/v2\/comments?post=282"}],"version-history":[{"count":10,"href":"https:\/\/pisap.fr\/index.php\/wp-json\/wp\/v2\/pages\/282\/revisions"}],"predecessor-version":[{"id":538,"href":"https:\/\/pisap.fr\/index.php\/wp-json\/wp\/v2\/pages\/282\/revisions\/538"}],"up":[{"embeddable":true,"href":"https:\/\/pisap.fr\/index.php\/wp-json\/wp\/v2\/pages\/120"}],"wp:attachment":[{"href":"https:\/\/pisap.fr\/index.php\/wp-json\/wp\/v2\/media?parent=282"}],"curies":[{"name":"wp","href":"https:\/\/api.w.org\/{rel}","templated":true}]}}