{"id":14,"date":"2021-05-16T17:38:06","date_gmt":"2021-05-16T15:38:06","guid":{"rendered":"http:\/\/pisap.fr\/?page_id=14"},"modified":"2026-01-23T11:05:32","modified_gmt":"2026-01-23T10:05:32","slug":"contact","status":"publish","type":"page","link":"https:\/\/pisap.fr\/index.php\/contact\/","title":{"rendered":"Contact"},"content":{"rendered":"\n<p><em><strong><em><strong>N&rsquo;h\u00e9sitez pas \u00e0 me contacter pour toute question ou information compl\u00e9mentaire concernant mon activit\u00e9.<\/strong><\/em><\/strong><\/em><\/p>\n\n\n\n<p>Tel : <strong><em><strong>06 85 89 63 40<\/strong><\/em><\/strong><\/p>\n\n\n\n<p>Mail : <strong><em><strong>justinegargiulo.pisap@gmail.com<\/strong><\/em><\/strong><\/p>\n\n\n\n<p> <a href=\"https:\/\/g.page\/r\/CcOAjYcn4pg9EBM\/review\" target=\"_blank\" rel=\"noopener\" title=\"J'\u00e9cris mon avis\">https:\/\/g.page\/r\/CcOAjYcn4pg9EBM\/review<\/a><br><\/p>\n\n\n\n<figure class=\"wp-block-gallery has-nested-images columns-default is-cropped wp-block-gallery-1 is-layout-flex wp-block-gallery-is-layout-flex\">\n<figure class=\"wp-block-image size-large\"><img loading=\"lazy\" decoding=\"async\" width=\"681\" height=\"1024\" data-id=\"490\" src=\"https:\/\/pisap.fr\/wp-content\/uploads\/2024\/06\/DSC0256-681x1024.jpg\" alt=\"\" class=\"wp-image-490\" srcset=\"https:\/\/pisap.fr\/wp-content\/uploads\/2024\/06\/DSC0256-681x1024.jpg 681w, https:\/\/pisap.fr\/wp-content\/uploads\/2024\/06\/DSC0256-199x300.jpg 199w, https:\/\/pisap.fr\/wp-content\/uploads\/2024\/06\/DSC0256-768x1155.jpg 768w, https:\/\/pisap.fr\/wp-content\/uploads\/2024\/06\/DSC0256-1021x1536.jpg 1021w, https:\/\/pisap.fr\/wp-content\/uploads\/2024\/06\/DSC0256-1362x2048.jpg 1362w, https:\/\/pisap.fr\/wp-content\/uploads\/2024\/06\/DSC0256-scaled.jpg 1702w\" sizes=\"auto, (max-width: 681px) 100vw, 681px\" \/><\/figure>\n<\/figure>\n\n\n\n\n<div class=\"wpforms-container wpforms-container-full wpforms-block wpforms-block-1c4391d6-7c2f-4bfb-91ea-80da15b1c2f5\" id=\"wpforms-102\"><form id=\"wpforms-form-102\" class=\"wpforms-validate wpforms-form\" data-formid=\"102\" method=\"post\" enctype=\"multipart\/form-data\" action=\"\/index.php\/wp-json\/wp\/v2\/pages\/14\" data-token=\"c2d68c5139683444e85242c48b907864\" data-token-time=\"1776303649\"><noscript class=\"wpforms-error-noscript\">Veuillez activer JavaScript dans votre navigateur pour remplir ce formulaire.<\/noscript><div class=\"wpforms-field-container\"><div id=\"wpforms-102-field_0-container\" class=\"wpforms-field wpforms-field-name\" data-field-id=\"0\"><label class=\"wpforms-field-label\">Nom <span class=\"wpforms-required-label\">*<\/span><\/label><div class=\"wpforms-field-row wpforms-field-medium\"><div class=\"wpforms-field-row-block wpforms-first wpforms-one-half\"><input type=\"text\" id=\"wpforms-102-field_0\" class=\"wpforms-field-name-first wpforms-field-required\" name=\"wpforms[fields][0][first]\" required><label for=\"wpforms-102-field_0\" class=\"wpforms-field-sublabel after\">Pr\u00e9nom<\/label><\/div><div class=\"wpforms-field-row-block wpforms-one-half\"><input type=\"text\" id=\"wpforms-102-field_0-last\" class=\"wpforms-field-name-last wpforms-field-required\" name=\"wpforms[fields][0][last]\" required><label for=\"wpforms-102-field_0-last\" class=\"wpforms-field-sublabel after\">Nom<\/label><\/div><\/div><\/div><div id=\"wpforms-102-field_1-container\" class=\"wpforms-field wpforms-field-email\" data-field-id=\"1\"><label class=\"wpforms-field-label\" for=\"wpforms-102-field_1\">E-mail <span class=\"wpforms-required-label\">*<\/span><\/label><input type=\"email\" id=\"wpforms-102-field_1\" class=\"wpforms-field-medium wpforms-field-required\" name=\"wpforms[fields][1]\" spellcheck=\"false\" required><\/div><div id=\"wpforms-102-field_2-container\" class=\"wpforms-field wpforms-field-textarea\" data-field-id=\"2\"><label class=\"wpforms-field-label\" for=\"wpforms-102-field_2\">Commentaire ou message <span class=\"wpforms-required-label\">*<\/span><\/label><textarea id=\"wpforms-102-field_2\" class=\"wpforms-field-medium wpforms-field-required\" name=\"wpforms[fields][2]\" required><\/textarea><\/div><\/div><!-- .wpforms-field-container --><div class=\"wpforms-submit-container\" ><input type=\"hidden\" name=\"wpforms[id]\" value=\"102\"><input type=\"hidden\" name=\"page_title\" value=\"\"><input type=\"hidden\" name=\"page_url\" value=\"https:\/\/pisap.fr\/index.php\/wp-json\/wp\/v2\/pages\/14\"><input type=\"hidden\" name=\"url_referer\" value=\"\"><button type=\"submit\" name=\"wpforms[submit]\" id=\"wpforms-submit-102\" class=\"wpforms-submit\" data-alt-text=\"Envoi...\" data-submit-text=\"Envoyer\" aria-live=\"assertive\" value=\"wpforms-submit\">Envoyer<\/button><\/div><\/form><\/div>  <!-- .wpforms-container -->","protected":false},"excerpt":{"rendered":"<p>N&rsquo;h\u00e9sitez pas \u00e0 me contacter pour toute question ou information compl\u00e9mentaire concernant mon activit\u00e9. Tel : 06 85 89 63 40 Mail : justinegargiulo.pisap@gmail.com https:\/\/g.page\/r\/CcOAjYcn4pg9EBM\/review<\/p>\n","protected":false},"author":1,"featured_media":0,"parent":0,"menu_order":0,"comment_status":"closed","ping_status":"closed","template":"","meta":{"_monsterinsights_skip_tracking":false,"_monsterinsights_sitenote_active":false,"_monsterinsights_sitenote_note":"","_monsterinsights_sitenote_category":0,"footnotes":""},"class_list":["post-14","page","type-page","status-publish","hentry"],"aioseo_notices":[],"_links":{"self":[{"href":"https:\/\/pisap.fr\/index.php\/wp-json\/wp\/v2\/pages\/14","targetHints":{"allow":["GET"]}}],"collection":[{"href":"https:\/\/pisap.fr\/index.php\/wp-json\/wp\/v2\/pages"}],"about":[{"href":"https:\/\/pisap.fr\/index.php\/wp-json\/wp\/v2\/types\/page"}],"author":[{"embeddable":true,"href":"https:\/\/pisap.fr\/index.php\/wp-json\/wp\/v2\/users\/1"}],"replies":[{"embeddable":true,"href":"https:\/\/pisap.fr\/index.php\/wp-json\/wp\/v2\/comments?post=14"}],"version-history":[{"count":17,"href":"https:\/\/pisap.fr\/index.php\/wp-json\/wp\/v2\/pages\/14\/revisions"}],"predecessor-version":[{"id":562,"href":"https:\/\/pisap.fr\/index.php\/wp-json\/wp\/v2\/pages\/14\/revisions\/562"}],"wp:attachment":[{"href":"https:\/\/pisap.fr\/index.php\/wp-json\/wp\/v2\/media?parent=14"}],"curies":[{"name":"wp","href":"https:\/\/api.w.org\/{rel}","templated":true}]}}